{"id":2,"date":"2022-07-26T11:58:29","date_gmt":"2022-07-26T11:58:29","guid":{"rendered":"http:\/\/localhost\/wordpress\/?page_id=2"},"modified":"2026-01-23T12:36:40","modified_gmt":"2026-01-23T12:36:40","slug":"sample-page","status":"publish","type":"page","link":"https:\/\/www.kanoistikacheb.cz\/","title":{"rendered":""},"content":{"rendered":"\t\t<div data-elementor-type=\"wp-page\" data-elementor-id=\"2\" class=\"elementor elementor-2\">\n\t\t\t\t\t\t\t\t\t<section class=\"elementor-section elementor-top-section elementor-element elementor-element-f66ba39 elementor-section-boxed elementor-section-height-default elementor-section-height-default\" data-id=\"f66ba39\" data-element_type=\"section\">\n\t\t\t\t\t\t<div class=\"elementor-container elementor-column-gap-default\">\n\t\t\t\t\t<div class=\"elementor-column elementor-col-100 elementor-top-column elementor-element elementor-element-107f43e\" data-id=\"107f43e\" data-element_type=\"column\">\n\t\t\t<div class=\"elementor-widget-wrap elementor-element-populated\">\n\t\t\t\t\t\t\t\t<div class=\"elementor-element elementor-element-079d11c elementor-widget elementor-widget-image\" data-id=\"079d11c\" data-element_type=\"widget\" data-widget_type=\"image.default\">\n\t\t\t\t<div class=\"elementor-widget-container\">\n\t\t\t<style>\/*! elementor - v3.7.8 - 02-10-2022 *\/\n.elementor-widget-image{text-align:center}.elementor-widget-image a{display:inline-block}.elementor-widget-image a img[src$=\".svg\"]{width:48px}.elementor-widget-image img{vertical-align:middle;display:inline-block}<\/style>\t\t\t\t\t\t\t\t\t\t\t\t<img decoding=\"async\" src=\"https:\/\/www.kanoistikacheb.cz\/wp-content\/uploads\/2023\/01\/cover-03-scaled.jpg\" title=\"cover-03\" alt=\"cover-03\" \/>\t\t\t\t\t\t\t\t\t\t\t\t\t\t\t<\/div>\n\t\t\t\t<\/div>\n\t\t\t\t\t<\/div>\n\t\t<\/div>\n\t\t\t\t\t\t\t<\/div>\n\t\t<\/section>\n\t\t\t\t<section class=\"elementor-section elementor-top-section elementor-element elementor-element-869af54 elementor-section-boxed elementor-section-height-default elementor-section-height-default\" data-id=\"869af54\" data-element_type=\"section\">\n\t\t\t\t\t\t<div class=\"elementor-container elementor-column-gap-default\">\n\t\t\t\t\t<div class=\"elementor-column elementor-col-100 elementor-top-column elementor-element elementor-element-111b23f\" data-id=\"111b23f\" data-element_type=\"column\">\n\t\t\t<div class=\"elementor-widget-wrap elementor-element-populated\">\n\t\t\t\t\t\t\t\t<div class=\"elementor-element elementor-element-1c4cb94 elementor-widget elementor-widget-menu-anchor\" data-id=\"1c4cb94\" data-element_type=\"widget\" data-widget_type=\"menu-anchor.default\">\n\t\t\t\t<div class=\"elementor-widget-container\">\n\t\t\t<style>\/*! elementor - v3.7.8 - 02-10-2022 *\/\nbody.elementor-page .elementor-widget-menu-anchor{margin-bottom:0}<\/style>\t\t<div id=\"historie\" class=\"elementor-menu-anchor\"><\/div>\n\t\t\t\t<\/div>\n\t\t\t\t<\/div>\n\t\t\t\t<div class=\"elementor-element elementor-element-271d182 elementor-widget elementor-widget-text-editor\" data-id=\"271d182\" data-element_type=\"widget\" data-widget_type=\"text-editor.default\">\n\t\t\t\t<div class=\"elementor-widget-container\">\n\t\t\t<style>\/*! elementor - v3.7.8 - 02-10-2022 *\/\n.elementor-widget-text-editor.elementor-drop-cap-view-stacked .elementor-drop-cap{background-color:#818a91;color:#fff}.elementor-widget-text-editor.elementor-drop-cap-view-framed .elementor-drop-cap{color:#818a91;border:3px solid;background-color:transparent}.elementor-widget-text-editor:not(.elementor-drop-cap-view-default) .elementor-drop-cap{margin-top:8px}.elementor-widget-text-editor:not(.elementor-drop-cap-view-default) .elementor-drop-cap-letter{width:1em;height:1em}.elementor-widget-text-editor .elementor-drop-cap{float:left;text-align:center;line-height:1;font-size:50px}.elementor-widget-text-editor .elementor-drop-cap-letter{display:inline-block}<\/style>\t\t\t\t<h1 style=\"text-align: left;\">HISTORIE<\/h1><p style=\"text-align: left;\">Historie klubu m\u00e1 bohatou historii, po\u010d\u00ednaje pov\u00e1le\u010dn\u00fdm obdob\u00edm, kdy se do sv\u011btov\u00e9 kanoistiky zapsala chebsk\u00e1 kanoistka Dana Martanov\u00e1. Ta v letech 1947 \u2013 1955 z\u00edskala n\u011bkolik medailov\u00fdch um\u00edst\u011bn\u00ed na mistrovstv\u00edch sv\u011bta a v roce 1955 dokonce titul mistryn\u011b sv\u011bta ve vodn\u00edm slalomu na C2- mix v jugosl\u00e1vsk\u00e9 Taceni. Kanoistika v Chebu v pozd\u011bj\u0161\u00edch letech pro\u0161la v\u00fdvojem sm\u011brem od vodn\u00edho slalomu a sjezdu k rychlostn\u00ed kanoistice.<\/p><p style=\"text-align: left;\">Kanoist\u00e9 se sdru\u017eovali v lod\u011bnici na \u0159ece Oh\u0159i. Stavba p\u0159ehrady zas\u00e1hla do rozpolo\u017een\u00ed a c\u00edl\u016f kanoist\u016f, kdy \u010d\u00e1st z nich d\u00e1vala p\u0159ednost turistice a druh\u00e1 se cht\u011bla v\u011bnovat z\u00e1vodn\u00ed \u010dinnosti.<\/p><p style=\"text-align: left;\">Tento p\u016fvodn\u00ed odd\u00edl se tedy rozd\u011blil, jedna \u010d\u00e1st kanoist\u016f z\u016fstala na \u0159ece Oh\u0159i a druh\u00e1 se p\u0159esunula na p\u0159ehradu, kde se vod\u00e1ci v\u011bnovali rychlostn\u00ed kanoistice. Jako z\u00e1zem\u00ed byla samotn\u00fdmi \u010dleny v akci \u201eZ\u201c postavena lod\u011bnici, kter\u00e1 slou\u017e\u00ed do dnes.<\/p><p style=\"text-align: left;\">Od roku 1964 se tedy p\u00ed\u0161e historie odd\u00edlu rychlostn\u00edch kanoist\u016f. Z\u00e1vodn\u00ed \u010dinnost se jim da\u0159ila velmi dob\u0159e. Z\u00e1vodn\u00edci se umis\u0165ovali na medailov\u00fdch m\u00edstech v krajsk\u00fdch p\u0159eborech, \u00fa\u010dastnili se republikov\u00fdch sout\u011b\u017e\u00ed.<\/p><p style=\"text-align: left;\">Velik\u00fdm \u00fasp\u011bchem v t\u00e9 dob\u011b bylo 3. m\u00edsto K4 (\u010dty\u0159kajaku) na 1000 m. To byl rok 1972 a pos\u00e1dku tvo\u0159ili brat\u0159i Jind\u0159ich a Ji\u0159\u00ed Borkovec, Stanislav \u0160us a Ladislav Doul. V dal\u0161\u00edch letech se o juniorsk\u00e9 a dorosteneck\u00e9 \u00fasp\u011bchy na M\u010cR zaslou\u017eili dal\u0161\u00ed z\u00e1vodn\u00edci.<\/p><p style=\"text-align: left;\">Rozkv\u011bt odd\u00edlu rychlostn\u00edch kanoist\u016f nastal od roku 1979 pod veden\u00edm tren\u00e9ra Jind\u0159icha Borkovce, kter\u00fd se vr\u00e1til z reprezentace. Jeho t\u00fdm tvo\u0159ily d\u011bti a dosp\u00edvaj\u00edc\u00ed od 10 do18 let. Z\u00e1vodn\u00edci se pravideln\u011b umis\u0165ovali ve fin\u00e1le na M\u010cR, n\u011bkte\u0159\u00ed dos\u00e1hli na medailov\u00e1 um\u00edst\u011bn\u00ed. O tyto \u00fasp\u011bchy se zaslou\u017eili brat\u0159i Pavel a Petr Langmaierovi, Jan Pokorn\u00e1, Jana Blatn\u00e1, Petra Vav\u00e1kov\u00e1 a dal\u0161\u00ed.<\/p>\t\t\t\t\t\t<\/div>\n\t\t\t\t<\/div>\n\t\t\t\t\t<\/div>\n\t\t<\/div>\n\t\t\t\t\t\t\t<\/div>\n\t\t<\/section>\n\t\t\t\t<section class=\"elementor-section elementor-top-section elementor-element elementor-element-5431b8f elementor-section-boxed elementor-section-height-default elementor-section-height-default\" data-id=\"5431b8f\" data-element_type=\"section\">\n\t\t\t\t\t\t<div class=\"elementor-container elementor-column-gap-default\">\n\t\t\t\t\t<div class=\"elementor-column elementor-col-100 elementor-top-column elementor-element elementor-element-4a20d1a\" data-id=\"4a20d1a\" data-element_type=\"column\">\n\t\t\t<div class=\"elementor-widget-wrap elementor-element-populated\">\n\t\t\t\t\t\t\t\t<div class=\"elementor-element elementor-element-177bb41 elementor-widget elementor-widget-text-editor\" data-id=\"177bb41\" data-element_type=\"widget\" data-widget_type=\"text-editor.default\">\n\t\t\t\t<div class=\"elementor-widget-container\">\n\t\t\t\t\t\t\t<h1>ROK 1989<\/h1><p>Rok 1989 byl rokem zm\u011bn nejen v na\u0161\u00ed zemi, ale i v odd\u00edle rychlostn\u00edch kanoist\u016f. \u00dasp\u011bchy dosahovaly sv\u00fdch vrchol\u016f p\u0159edev\u0161\u00edm d\u00edky z\u00e1vodnic\u00edm a z\u00e1vodn\u00edk\u016fm v \u017e\u00e1kovsk\u00fdch kategori\u00edch. \u010cty\u0159kajak d\u011bv\u010dat ve slo\u017een\u00ed Gabriela Trn\u010d\u00e1kov\u00e1, \u0160\u00e1rka Borkovcov\u00e1, Eva K\u0159\u00ed\u017eov\u00e1 a Jana R\u00fddlinkov\u00e1 zv\u00edt\u011bzil na M\u010cR. Na medailov\u00fdch m\u00edstech na M\u010cR se d\u011bv\u010data umis\u0165ovala takt\u00e9\u017e na K1 i K2. \u0160. Borkovcov\u00e1 odch\u00e1z\u00ed na sportovn\u00ed gymn\u00e1zium do Pardubic a d\u00e1le do juniorsk\u00e9 a seniorsk\u00e9 reprezentace, ostatn\u00ed d\u011bv\u010data pomalu ukon\u010duj\u00ed svoji z\u00e1vodn\u00ed \u010dinnost.<\/p><p>V polovin\u011b devades\u00e1t\u00fdch let se o medailov\u00e1 um\u00edst\u011bn\u00ed na republikov\u00fdch sout\u011b\u017e\u00edch zasluhuj\u00ed dal\u0161\u00ed z\u00e1vodn\u00edci, p\u0159edev\u0161\u00edm Petr Kalou\u0161, Jind\u0159ich Borkovec ml. a Kate\u0159ina Rousov\u00e1. Jind\u0159ich Borkovec je \u010dlenem juniorsk\u00e9ho reprezenta\u010dn\u00edho dru\u017estva. P\u0159ed sou\u010dasn\u00fdm d\u011bn\u00edm jsou posledn\u00edmi z\u00e1vodn\u00ed vla\u0161tovkami Lucie \u0160railov\u00e1, jej\u00edm\u017e nejv\u011bt\u0161\u00edm \u00fasp\u011bchem je fin\u00e1lov\u00e9 um\u00edst\u011bn\u00ed na M\u010cR v roce 2010, a Kl\u00e1ra Tomanov\u00e1, ob\u011b pod veden\u00edm Jind\u0159icha Borkovce ml.<\/p>\t\t\t\t\t\t<\/div>\n\t\t\t\t<\/div>\n\t\t\t\t\t<\/div>\n\t\t<\/div>\n\t\t\t\t\t\t\t<\/div>\n\t\t<\/section>\n\t\t\t\t<section class=\"elementor-section elementor-top-section elementor-element elementor-element-d019a64 elementor-section-boxed elementor-section-height-default elementor-section-height-default\" data-id=\"d019a64\" data-element_type=\"section\">\n\t\t\t\t\t\t<div class=\"elementor-container elementor-column-gap-default\">\n\t\t\t\t\t<div class=\"elementor-column elementor-col-100 elementor-top-column elementor-element elementor-element-0687310\" data-id=\"0687310\" data-element_type=\"column\">\n\t\t\t<div class=\"elementor-widget-wrap elementor-element-populated\">\n\t\t\t\t\t\t\t\t<div class=\"elementor-element elementor-element-2863348 elementor-widget elementor-widget-menu-anchor\" data-id=\"2863348\" data-element_type=\"widget\" data-widget_type=\"menu-anchor.default\">\n\t\t\t\t<div class=\"elementor-widget-container\">\n\t\t\t\t\t<div id=\"soucasnost\" class=\"elementor-menu-anchor\"><\/div>\n\t\t\t\t<\/div>\n\t\t\t\t<\/div>\n\t\t\t\t<div class=\"elementor-element elementor-element-e2f4906 elementor-widget elementor-widget-text-editor\" data-id=\"e2f4906\" data-element_type=\"widget\" data-widget_type=\"text-editor.default\">\n\t\t\t\t<div class=\"elementor-widget-container\">\n\t\t\t\t\t\t\t<h1 style=\"text-align: left;\"><span style=\"color: var( --e-global-color-text ); font-family: var( --e-global-typography-text-font-family ), Sans-serif;\">SOU\u010cASNOST<\/span><\/h1><h1 style=\"text-align: left;\"><span style=\"color: var( --e-global-color-text ); font-family: var( --e-global-typography-text-font-family ), Sans-serif; font-weight: var( --e-global-typography-text-font-weight ); font-size: 1rem;\">Sou\u010dasnost se p\u00ed\u0161e od l\u00e9ta 2019, kdy tren\u00e9\u0159i s\u00a0novou d\u011btskou \u010dlenskou z\u00e1kladnou zapo\u010dali pravideln\u00e9 tr\u00e9ninky. Z\u00e1vodn\u00ed aktivita d\u011bt\u00ed byla obnovena v roce 2020. D\u011bti se \u00fa\u010dastnily men\u0161\u00edch z\u00e1vod\u016f vypsan\u00fdch svazem rychlostn\u00ed kanoistiky, ale tak\u00e9 poh\u00e1rov\u00fdch z\u00e1vod\u016f ml\u00e1de\u017ee \u010cR a mistrovstv\u00ed \u010cesk\u00e9 republiky.<\/span><\/h1><p>Tren\u00e9\u0159i takt\u00e9\u017e pravideln\u011b tr\u00e9nuj\u00ed a \u00fa\u010dastn\u00ed se veter\u00e1nsk\u00fdch sout\u011b\u017e\u00ed.<\/p><p>Ostatn\u00ed \u010dlenov\u00e9 sportuj\u00ed dle vlastn\u00edch \u010dasov\u00fdch mo\u017enost\u00ed nebo se jinak spolupod\u00edl\u00ed na chodu klubu.<\/p><p><u>Tr\u00e9ninky<\/u>:<\/p><p>st\u0159eda a p\u00e1tek: 16 \u2013 17 p\u0159\u00edpravka, 17 \u2013 18 \u017eactvo<\/p><p>ned\u011ble: 10:30 \u2013 11:30 p\u0159\u00edpravka, 11:30 \u2013 12:30 \u017eactvo<\/p>\t\t\t\t\t\t<\/div>\n\t\t\t\t<\/div>\n\t\t\t\t\t<\/div>\n\t\t<\/div>\n\t\t\t\t\t\t\t<\/div>\n\t\t<\/section>\n\t\t\t\t<section class=\"elementor-section elementor-top-section elementor-element elementor-element-1c10641 elementor-section-boxed elementor-section-height-default elementor-section-height-default\" data-id=\"1c10641\" data-element_type=\"section\">\n\t\t\t\t\t\t<div class=\"elementor-container elementor-column-gap-default\">\n\t\t\t\t\t<div class=\"elementor-column elementor-col-100 elementor-top-column elementor-element elementor-element-75aded5\" data-id=\"75aded5\" data-element_type=\"column\">\n\t\t\t<div class=\"elementor-widget-wrap elementor-element-populated\">\n\t\t\t\t\t\t\t\t<div class=\"elementor-element elementor-element-a16a439 elementor-widget elementor-widget-text-editor\" data-id=\"a16a439\" data-element_type=\"widget\" data-widget_type=\"text-editor.default\">\n\t\t\t\t<div class=\"elementor-widget-container\">\n\t\t\t\t\t\t\t<h1 style=\"text-align: left;\">C\u00cdL<\/h1><p>Na\u0161\u00edm c\u00edlem je roz\u0161\u00ed\u0159it \u010dlenskou z\u00e1kladnu a nav\u00e1zat na \u00fasp\u011bchy a tradice chebsk\u00fdch vod\u00e1k\u016f.<\/p><p>Na\u0161\u00edm c\u00edlem je, aby se \u010dlenov\u00e9 odd\u00edlu v lod\u011bnici r\u00e1di potk\u00e1vali p\u0159i spole\u010dn\u00fdch tr\u00e9ninkov\u00fdch i volno\u010dasov\u00fdch chvilk\u00e1ch.<\/p><p>Materi\u00e1ln\u00edm c\u00edlem je roz\u0161\u00ed\u0159en\u00ed z\u00e1vodn\u00edho vybaven\u00ed o nov\u00e9 lod\u011b a p\u00e1dla.<\/p><p>Vybudov\u00e1n\u00ed modern\u00edho sportovi\u0161t\u011b lod\u011bnice jako z\u00e1zem\u00ed pro kanoisty:<\/p><ul><li>k pravideln\u00fdm tr\u00e9nink\u016fm,<\/li><li>s\u00a0mo\u017enost\u00ed po\u0159\u00e1d\u00e1n\u00ed republikov\u00fdch sout\u011b\u017e\u00ed<\/li><li>a tr\u00e9ninkov\u00fdch kemp\u016f.<\/li><\/ul>\t\t\t\t\t\t<\/div>\n\t\t\t\t<\/div>\n\t\t\t\t\t<\/div>\n\t\t<\/div>\n\t\t\t\t\t\t\t<\/div>\n\t\t<\/section>\n\t\t\t\t<section class=\"elementor-section elementor-top-section elementor-element elementor-element-c974439 elementor-section-boxed elementor-section-height-default elementor-section-height-default\" data-id=\"c974439\" data-element_type=\"section\">\n\t\t\t\t\t\t<div class=\"elementor-container elementor-column-gap-default\">\n\t\t\t\t\t<div class=\"elementor-column elementor-col-100 elementor-top-column elementor-element elementor-element-68569d0\" data-id=\"68569d0\" data-element_type=\"column\">\n\t\t\t<div class=\"elementor-widget-wrap elementor-element-populated\">\n\t\t\t\t\t\t\t\t<div class=\"elementor-element elementor-element-da7b4bd elementor-widget elementor-widget-menu-anchor\" data-id=\"da7b4bd\" data-element_type=\"widget\" data-widget_type=\"menu-anchor.default\">\n\t\t\t\t<div class=\"elementor-widget-container\">\n\t\t\t\t\t<div id=\"partneri\" class=\"elementor-menu-anchor\"><\/div>\n\t\t\t\t<\/div>\n\t\t\t\t<\/div>\n\t\t\t\t<div class=\"elementor-element elementor-element-d401eae elementor-widget elementor-widget-text-editor\" data-id=\"d401eae\" data-element_type=\"widget\" data-widget_type=\"text-editor.default\">\n\t\t\t\t<div class=\"elementor-widget-container\">\n\t\t\t\t\t\t\t<h1 style=\"text-align: left;\">PARTNE\u0158I KLUBU<\/h1>\t\t\t\t\t\t<\/div>\n\t\t\t\t<\/div>\n\t\t\t\t\t<\/div>\n\t\t<\/div>\n\t\t\t\t\t\t\t<\/div>\n\t\t<\/section>\n\t\t\t\t<section class=\"elementor-section elementor-top-section elementor-element elementor-element-21b182b elementor-section-boxed elementor-section-height-default elementor-section-height-default\" data-id=\"21b182b\" data-element_type=\"section\">\n\t\t\t\t\t\t<div class=\"elementor-container elementor-column-gap-default\">\n\t\t\t\t\t<div class=\"elementor-column elementor-col-33 elementor-top-column elementor-element elementor-element-c13c28c\" data-id=\"c13c28c\" data-element_type=\"column\">\n\t\t\t<div class=\"elementor-widget-wrap elementor-element-populated\">\n\t\t\t\t\t\t\t\t<div class=\"elementor-element elementor-element-8b32015 elementor-widget elementor-widget-text-editor\" data-id=\"8b32015\" data-element_type=\"widget\" data-widget_type=\"text-editor.default\">\n\t\t\t\t<div class=\"elementor-widget-container\">\n\t\t\t\t\t\t\t<p>D\u011bkujeme m\u011bstu Cheb za finan\u010dn\u00ed podporu v roce 2025 na provoz \u010dinnosti klubu.<\/p>\t\t\t\t\t\t<\/div>\n\t\t\t\t<\/div>\n\t\t\t\t\t<\/div>\n\t\t<\/div>\n\t\t\t\t<div class=\"elementor-column elementor-col-33 elementor-top-column elementor-element elementor-element-dfe2106\" data-id=\"dfe2106\" data-element_type=\"column\">\n\t\t\t<div class=\"elementor-widget-wrap elementor-element-populated\">\n\t\t\t\t\t\t\t\t<div class=\"elementor-element elementor-element-fd29d8b elementor-widget elementor-widget-text-editor\" data-id=\"fd29d8b\" data-element_type=\"widget\" data-widget_type=\"text-editor.default\">\n\t\t\t\t<div class=\"elementor-widget-container\">\n\t\t\t\t\t\t\t<div>D\u011bkujeme Karlovarsk\u00e9mu kraji za finan\u010dn\u00ed podporu. <a href=\"http:\/\/www.kr-karlovarsky.cz\/\" target=\"_blank\" rel=\"noopener\" data-saferedirecturl=\"https:\/\/www.google.com\/url?q=http:\/\/www.kr-karlovarsky.cz&amp;source=gmail&amp;ust=1666280350892000&amp;usg=AOvVaw3BvoPotnXyr6BJfuaVc_xp\">www.kr-karlovarsky.cz<\/a>.\u00a0<\/div>\t\t\t\t\t\t<\/div>\n\t\t\t\t<\/div>\n\t\t\t\t\t<\/div>\n\t\t<\/div>\n\t\t\t\t<div class=\"elementor-column elementor-col-33 elementor-top-column elementor-element elementor-element-a6def91\" data-id=\"a6def91\" data-element_type=\"column\">\n\t\t\t<div class=\"elementor-widget-wrap\">\n\t\t\t\t\t\t\t\t\t<\/div>\n\t\t<\/div>\n\t\t\t\t\t\t\t<\/div>\n\t\t<\/section>\n\t\t\t\t<section class=\"elementor-section elementor-top-section elementor-element elementor-element-b59c8d8 elementor-section-boxed elementor-section-height-default elementor-section-height-default\" data-id=\"b59c8d8\" data-element_type=\"section\">\n\t\t\t\t\t\t<div class=\"elementor-container elementor-column-gap-default\">\n\t\t\t\t\t<div class=\"elementor-column elementor-col-33 elementor-top-column elementor-element elementor-element-6eeab45\" data-id=\"6eeab45\" data-element_type=\"column\">\n\t\t\t<div class=\"elementor-widget-wrap elementor-element-populated\">\n\t\t\t\t\t\t\t\t<div class=\"elementor-element elementor-element-d38b2a7 elementor-widget elementor-widget-image\" data-id=\"d38b2a7\" data-element_type=\"widget\" data-widget_type=\"image.default\">\n\t\t\t\t<div class=\"elementor-widget-container\">\n\t\t\t\t\t\t\t\t\t\t\t\t\t\t\t<img loading=\"lazy\" decoding=\"async\" width=\"800\" height=\"273\" src=\"https:\/\/www.kanoistikacheb.cz\/wp-content\/uploads\/2026\/01\/CHeb_znacka_EMS_2026_CZ_barevna_pozitiv_RGB-1024x350.jpg\" class=\"attachment-large size-large\" alt=\"\" srcset=\"https:\/\/www.kanoistikacheb.cz\/wp-content\/uploads\/2026\/01\/CHeb_znacka_EMS_2026_CZ_barevna_pozitiv_RGB-1024x350.jpg 1024w, https:\/\/www.kanoistikacheb.cz\/wp-content\/uploads\/2026\/01\/CHeb_znacka_EMS_2026_CZ_barevna_pozitiv_RGB-300x103.jpg 300w, https:\/\/www.kanoistikacheb.cz\/wp-content\/uploads\/2026\/01\/CHeb_znacka_EMS_2026_CZ_barevna_pozitiv_RGB-768x262.jpg 768w, https:\/\/www.kanoistikacheb.cz\/wp-content\/uploads\/2026\/01\/CHeb_znacka_EMS_2026_CZ_barevna_pozitiv_RGB-1536x525.jpg 1536w, https:\/\/www.kanoistikacheb.cz\/wp-content\/uploads\/2026\/01\/CHeb_znacka_EMS_2026_CZ_barevna_pozitiv_RGB-2048x700.jpg 2048w\" sizes=\"auto, (max-width: 800px) 100vw, 800px\" \/>\t\t\t\t\t\t\t\t\t\t\t\t\t\t\t<\/div>\n\t\t\t\t<\/div>\n\t\t\t\t\t<\/div>\n\t\t<\/div>\n\t\t\t\t<div class=\"elementor-column elementor-col-33 elementor-top-column elementor-element elementor-element-0606366\" data-id=\"0606366\" data-element_type=\"column\">\n\t\t\t<div class=\"elementor-widget-wrap elementor-element-populated\">\n\t\t\t\t\t\t\t\t<div class=\"elementor-element elementor-element-81487dc elementor-widget elementor-widget-image\" data-id=\"81487dc\" data-element_type=\"widget\" data-widget_type=\"image.default\">\n\t\t\t\t<div class=\"elementor-widget-container\">\n\t\t\t\t\t\t\t\t\t\t\t\t\t\t\t<img loading=\"lazy\" decoding=\"async\" width=\"300\" height=\"153\" src=\"https:\/\/www.kanoistikacheb.cz\/wp-content\/uploads\/2022\/10\/Logo-KK-2021-300x153.png\" class=\"attachment-medium size-medium\" alt=\"\" srcset=\"https:\/\/www.kanoistikacheb.cz\/wp-content\/uploads\/2022\/10\/Logo-KK-2021-300x153.png 300w, https:\/\/www.kanoistikacheb.cz\/wp-content\/uploads\/2022\/10\/Logo-KK-2021-1024x522.png 1024w, https:\/\/www.kanoistikacheb.cz\/wp-content\/uploads\/2022\/10\/Logo-KK-2021-768x392.png 768w, https:\/\/www.kanoistikacheb.cz\/wp-content\/uploads\/2022\/10\/Logo-KK-2021.png 1464w\" sizes=\"auto, (max-width: 300px) 100vw, 300px\" \/>\t\t\t\t\t\t\t\t\t\t\t\t\t\t\t<\/div>\n\t\t\t\t<\/div>\n\t\t\t\t\t<\/div>\n\t\t<\/div>\n\t\t\t\t<div class=\"elementor-column elementor-col-33 elementor-top-column elementor-element elementor-element-0aa6222\" data-id=\"0aa6222\" data-element_type=\"column\">\n\t\t\t<div class=\"elementor-widget-wrap elementor-element-populated\">\n\t\t\t\t\t\t\t\t<div class=\"elementor-element elementor-element-d5efced elementor-widget elementor-widget-image\" data-id=\"d5efced\" data-element_type=\"widget\" data-widget_type=\"image.default\">\n\t\t\t\t<div class=\"elementor-widget-container\">\n\t\t\t\t\t\t\t\t\t\t\t\t\t\t\t<img loading=\"lazy\" decoding=\"async\" width=\"730\" height=\"260\" src=\"https:\/\/www.kanoistikacheb.cz\/wp-content\/uploads\/2023\/11\/nsa-logo.png\" class=\"attachment-large size-large\" alt=\"\" srcset=\"https:\/\/www.kanoistikacheb.cz\/wp-content\/uploads\/2023\/11\/nsa-logo.png 730w, https:\/\/www.kanoistikacheb.cz\/wp-content\/uploads\/2023\/11\/nsa-logo-300x107.png 300w\" sizes=\"auto, (max-width: 730px) 100vw, 730px\" \/>\t\t\t\t\t\t\t\t\t\t\t\t\t\t\t<\/div>\n\t\t\t\t<\/div>\n\t\t\t\t\t<\/div>\n\t\t<\/div>\n\t\t\t\t\t\t\t<\/div>\n\t\t<\/section>\n\t\t\t\t<section class=\"elementor-section elementor-top-section elementor-element elementor-element-398c621 elementor-section-boxed elementor-section-height-default elementor-section-height-default\" data-id=\"398c621\" data-element_type=\"section\" data-settings=\"{&quot;background_background&quot;:&quot;classic&quot;}\">\n\t\t\t\t\t\t<div class=\"elementor-container elementor-column-gap-default\">\n\t\t\t\t\t<div class=\"elementor-column elementor-col-33 elementor-top-column elementor-element elementor-element-c17959a\" data-id=\"c17959a\" data-element_type=\"column\">\n\t\t\t<div class=\"elementor-widget-wrap elementor-element-populated\">\n\t\t\t\t\t\t\t\t<div class=\"elementor-element elementor-element-50e7a95 elementor-widget elementor-widget-menu-anchor\" data-id=\"50e7a95\" data-element_type=\"widget\" data-widget_type=\"menu-anchor.default\">\n\t\t\t\t<div class=\"elementor-widget-container\">\n\t\t\t\t\t<div id=\"kontakty\" class=\"elementor-menu-anchor\"><\/div>\n\t\t\t\t<\/div>\n\t\t\t\t<\/div>\n\t\t\t\t<div class=\"elementor-element elementor-element-155e9a9 elementor-widget elementor-widget-text-editor\" data-id=\"155e9a9\" data-element_type=\"widget\" data-widget_type=\"text-editor.default\">\n\t\t\t\t<div class=\"elementor-widget-container\">\n\t\t\t\t\t\t\t<p><strong>KONTAKT<\/strong><\/p><p>TJ ESKA CHEB, Z. S.<br \/>KACHN\u00cd K\u00c1MEN 2065\/14<br \/>350 02 CHEB<\/p><p><strong>I\u010cO<\/strong> 75011166<\/p><p><strong>DS <\/strong>GZ8YBJP<\/p>\t\t\t\t\t\t<\/div>\n\t\t\t\t<\/div>\n\t\t\t\t\t<\/div>\n\t\t<\/div>\n\t\t\t\t<div class=\"elementor-column elementor-col-33 elementor-top-column elementor-element elementor-element-33752e7\" data-id=\"33752e7\" data-element_type=\"column\">\n\t\t\t<div class=\"elementor-widget-wrap elementor-element-populated\">\n\t\t\t\t\t\t\t\t<div class=\"elementor-element elementor-element-1bda1da elementor-widget elementor-widget-text-editor\" data-id=\"1bda1da\" data-element_type=\"widget\" data-widget_type=\"text-editor.default\">\n\t\t\t\t<div class=\"elementor-widget-container\">\n\t\t\t\t\t\t\t<p><strong>P\u0158EDSEDA KLUBU<\/strong><\/p><p>JIND\u0158ICH BORKOVEC ML.<\/p><p><strong>TEL<\/strong>\u00a0776 535 668<\/p><p><strong>EMAIL<\/strong> LODENICECHEB@SEZNAM.CZ<\/p>\t\t\t\t\t\t<\/div>\n\t\t\t\t<\/div>\n\t\t\t\t\t<\/div>\n\t\t<\/div>\n\t\t\t\t<div class=\"elementor-column elementor-col-33 elementor-top-column elementor-element elementor-element-c069fd2\" data-id=\"c069fd2\" data-element_type=\"column\">\n\t\t\t<div class=\"elementor-widget-wrap elementor-element-populated\">\n\t\t\t\t\t\t\t\t<div class=\"elementor-element elementor-element-fe0992a elementor-widget elementor-widget-text-editor\" data-id=\"fe0992a\" data-element_type=\"widget\" data-widget_type=\"text-editor.default\">\n\t\t\t\t<div class=\"elementor-widget-container\">\n\t\t\t\t\t\t\t<p><strong>TREN\u00c9\u0158I<\/strong><\/p><p><span style=\"text-transform: uppercase;\">Jind\u0159ich Borkovec ml.<br \/>776 535 668<br \/><\/span><\/p><p><span style=\"text-transform: uppercase;\">Jind\u0159ich Borkovec st.<br \/>733 327 022<\/span><\/p><p><span style=\"text-transform: uppercase;\">Pavel Langmaier <br \/>736 441 785<\/span><\/p><p><span style=\"text-transform: uppercase;\">Michal Bro\u017e\u00edk<br \/>774 646\u00a0718<\/span><\/p>\t\t\t\t\t\t<\/div>\n\t\t\t\t<\/div>\n\t\t\t\t\t<\/div>\n\t\t<\/div>\n\t\t\t\t\t\t\t<\/div>\n\t\t<\/section>\n\t\t\t\t\t\t\t<\/div>\n\t\t","protected":false},"excerpt":{"rendered":"<p>HISTORIE Historie klubu m\u00e1 bohatou historii, po\u010d\u00ednaje pov\u00e1le\u010dn\u00fdm obdob\u00edm, kdy se do sv\u011btov\u00e9 kanoistiky zapsala chebsk\u00e1 kanoistka Dana Martanov\u00e1. Ta v letech 1947 \u2013 1955 z\u00edskala n\u011bkolik medailov\u00fdch um\u00edst\u011bn\u00ed na mistrovstv\u00edch sv\u011bta a v roce 1955 dokonce titul mistryn\u011b sv\u011bta ve vodn\u00edm slalomu na C2- mix v jugosl\u00e1vsk\u00e9 Taceni. Kanoistika v Chebu v pozd\u011bj\u0161\u00edch letech [&hellip;]<\/p>\n","protected":false},"author":1,"featured_media":0,"parent":0,"menu_order":0,"comment_status":"closed","ping_status":"closed","template":"","meta":{"footnotes":""},"class_list":["post-2","page","type-page","status-publish","hentry"],"_links":{"self":[{"href":"https:\/\/www.kanoistikacheb.cz\/index.php?rest_route=\/wp\/v2\/pages\/2","targetHints":{"allow":["GET"]}}],"collection":[{"href":"https:\/\/www.kanoistikacheb.cz\/index.php?rest_route=\/wp\/v2\/pages"}],"about":[{"href":"https:\/\/www.kanoistikacheb.cz\/index.php?rest_route=\/wp\/v2\/types\/page"}],"author":[{"embeddable":true,"href":"https:\/\/www.kanoistikacheb.cz\/index.php?rest_route=\/wp\/v2\/users\/1"}],"replies":[{"embeddable":true,"href":"https:\/\/www.kanoistikacheb.cz\/index.php?rest_route=%2Fwp%2Fv2%2Fcomments&post=2"}],"version-history":[{"count":55,"href":"https:\/\/www.kanoistikacheb.cz\/index.php?rest_route=\/wp\/v2\/pages\/2\/revisions"}],"predecessor-version":[{"id":103,"href":"https:\/\/www.kanoistikacheb.cz\/index.php?rest_route=\/wp\/v2\/pages\/2\/revisions\/103"}],"wp:attachment":[{"href":"https:\/\/www.kanoistikacheb.cz\/index.php?rest_route=%2Fwp%2Fv2%2Fmedia&parent=2"}],"curies":[{"name":"wp","href":"https:\/\/api.w.org\/{rel}","templated":true}]}}